{"id":88,"date":"2025-12-24T14:38:58","date_gmt":"2025-12-24T14:38:58","guid":{"rendered":"https:\/\/test.jorgegarcia.cl\/?page_id=88"},"modified":"2025-12-25T00:03:37","modified_gmt":"2025-12-25T00:03:37","slug":"sobre-mi","status":"publish","type":"page","link":"https:\/\/test.jorgegarcia.cl\/index.php\/sobre-mi\/","title":{"rendered":"Sobre Mi"},"content":{"rendered":"\n<div class=\"wp-block-group is-layout-flow wp-block-group-is-layout-flow\" style=\"margin-top:0;margin-bottom:0\">\n<figure class=\"wp-block-image alignleft size-full is-resized has-custom-border\"><img loading=\"lazy\" decoding=\"async\" width=\"791\" height=\"1024\" src=\"https:\/\/test.jorgegarcia.cl\/wp-content\/uploads\/2025\/12\/perfil.jpg\" alt=\"\" class=\"wp-image-89\" style=\"border-top-left-radius:0px;border-top-right-radius:0px;border-bottom-left-radius:0px;border-bottom-right-radius:0px;width:594px;height:auto\" srcset=\"https:\/\/test.jorgegarcia.cl\/wp-content\/uploads\/2025\/12\/perfil.jpg 791w, https:\/\/test.jorgegarcia.cl\/wp-content\/uploads\/2025\/12\/perfil-232x300.jpg 232w, https:\/\/test.jorgegarcia.cl\/wp-content\/uploads\/2025\/12\/perfil-768x994.jpg 768w\" sizes=\"auto, (max-width: 791px) 100vw, 791px\" \/><\/figure>\n\n\n\n<div class=\"wp-block-columns is-layout-flex wp-container-core-columns-is-layout-28f84493 wp-block-columns-is-layout-flex\">\n<div class=\"wp-block-column is-vertically-aligned-top is-layout-flow wp-block-column-is-layout-flow\" style=\"flex-basis:100%\">\n<p class=\"has-text-align-left has-medium-font-size\" style=\"margin-top:0;margin-right:0;margin-bottom:var(--wp--preset--spacing--50);margin-left:0\">Fot\u00f3grafo con m\u00e1s de una d\u00e9cada de experiencia, especializado en comunicaci\u00f3n visual, con un amplio historial en el registro fotogr\u00e1fico institucional, tur\u00edstico y cultural. Su enfoque documental captura con precisi\u00f3n la esencia regional, desde la gente hasta los paisajes y colores.<\/p>\n\n\n\n<p class=\"has-text-align-left has-medium-font-size\" style=\"margin-right:0;margin-left:0;line-height:1.6\">Ha colaborado con diversas instituciones gubernamentales y privadas, as\u00ed como con numerosas agrupaciones culturales locales, participando tambi\u00e9n en proyectos de rescate patrimonial. Su habilidad se ha extendido al \u00e1mbito del marketing y la publicidad, donde ha aportado su visi\u00f3n creativa.<\/p>\n<\/div>\n<\/div>\n<\/div>\n","protected":false},"excerpt":{"rendered":"<p>Fot\u00f3grafo con m\u00e1s de una d\u00e9cada de experiencia, especializado en comunicaci\u00f3n visual, con un amplio historial en el registro fotogr\u00e1fico institucional, tur\u00edstico y cultural. Su enfoque documental captura con precisi\u00f3n la esencia regional, desde la gente hasta los paisajes y colores. Ha colaborado con diversas instituciones gubernamentales y privadas, as\u00ed como con numerosas agrupaciones culturales [&hellip;]<\/p>\n","protected":false},"author":1,"featured_media":0,"parent":0,"menu_order":0,"comment_status":"closed","ping_status":"closed","template":"","meta":{"_vp_format_video_url":"","_vp_image_focal_point":[],"footnotes":""},"class_list":["post-88","page","type-page","status-publish","hentry"],"blocksy_meta":{"disable_featured_image":"yes","disable_share_box":"yes","disable_header":"no","styles_descriptor":{"styles":{"desktop":"[data-prefix=\"single_page\"] .entry-header .page-title {--theme-font-size:30px;} [data-prefix=\"single_page\"] .entry-header .entry-meta {--theme-font-weight:600;--theme-text-transform:uppercase;--theme-font-size:12px;--theme-line-height:1.3;} [data-prefix=\"single_page\"] .hero-section[data-type=\"type-1\"] {--alignment:center;--margin-bottom:99px;} [data-prefix=\"single_page\"] .hero-section .page-description {--itemSpacing:32px;--description-max-width:100%;}","tablet":"","mobile":""},"google_fonts":[],"version":6},"vertical_spacing_source":"custom","has_hero_section":"enabled","hero_elements":[{"id":"custom_title","enabled":true,"heading_tag":"h1","title":"Inicio","__id":"ayLxTXRMaBgb09Hq1fxdx"},{"id":"custom_description","enabled":true,"description_visibility":{"desktop":true,"tablet":true,"mobile":true},"__id":"GEonIA-qyDOMknLLMdi1f","hero_item_max_width":"100","hero_item_spacing":"32"},{"id":"custom_meta","enabled":false,"meta_elements":[{"id":"author","enabled":true,"label":"Por","has_author_avatar":"yes","avatar_size":25},{"id":"post_date","enabled":true,"label":"El","date_format_source":"default","date_format":"M j, Y"},{"id":"updated_date","enabled":false,"label":"El","date_format_source":"default","date_format":"M j, Y"},{"id":"categories","enabled":false,"label":"En","style":"simple"},{"id":"comments","enabled":true}],"page_meta_elements":{"joined":true,"articles_count":true,"comments":true},"__id":"OiFWhY651UiFxXTtJ25Cd"},{"id":"breadcrumbs","enabled":false,"__id":"_IRo3Z81Qaiuw3tYI6OXu"}],"hero_alignment1":"center","hero_margin":"99px","hero_section":"type-1","page_structure_type":"type-4","content_area_spacing":"both"},"_links":{"self":[{"href":"https:\/\/test.jorgegarcia.cl\/index.php\/wp-json\/wp\/v2\/pages\/88","targetHints":{"allow":["GET"]}}],"collection":[{"href":"https:\/\/test.jorgegarcia.cl\/index.php\/wp-json\/wp\/v2\/pages"}],"about":[{"href":"https:\/\/test.jorgegarcia.cl\/index.php\/wp-json\/wp\/v2\/types\/page"}],"author":[{"embeddable":true,"href":"https:\/\/test.jorgegarcia.cl\/index.php\/wp-json\/wp\/v2\/users\/1"}],"replies":[{"embeddable":true,"href":"https:\/\/test.jorgegarcia.cl\/index.php\/wp-json\/wp\/v2\/comments?post=88"}],"version-history":[{"count":8,"href":"https:\/\/test.jorgegarcia.cl\/index.php\/wp-json\/wp\/v2\/pages\/88\/revisions"}],"predecessor-version":[{"id":109,"href":"https:\/\/test.jorgegarcia.cl\/index.php\/wp-json\/wp\/v2\/pages\/88\/revisions\/109"}],"wp:attachment":[{"href":"https:\/\/test.jorgegarcia.cl\/index.php\/wp-json\/wp\/v2\/media?parent=88"}],"curies":[{"name":"wp","href":"https:\/\/api.w.org\/{rel}","templated":true}]}}